{"id":181,"date":"2026-05-04T22:25:38","date_gmt":"2026-05-04T20:25:38","guid":{"rendered":"https:\/\/bihurtek.com\/?page_id=181"},"modified":"2026-05-04T23:45:45","modified_gmt":"2026-05-04T21:45:45","slug":"servicios","status":"publish","type":"page","link":"https:\/\/bihurtek.com\/?page_id=181","title":{"rendered":"Sectores"},"content":{"rendered":"\n\n\t<section class=\"section\" id=\"section_860244741\">\n\t\t<div class=\"section-bg fill\" >\n\t\t\t\t\t\t\t\t\t\n\t\t\t\n\n\t\t<\/div>\n\n\t\t\n\n\t\t<div class=\"section-content relative\">\n\t\t\t\n\n\t<div id=\"gap-1247542122\" class=\"gap-element clearfix\" style=\"display:block; height:auto;\">\n\t\t\n<style>\n#gap-1247542122 {\n  padding-top: 80px;\n}\n<\/style>\n\t<\/div>\n\t\n\n<div class=\"row\"  id=\"row-182886120\">\n\n\n\t<div id=\"col-1354333923\" class=\"col small-12 large-12\"  >\n\t\t\t\t<div class=\"col-inner text-left\"  >\n\t\t\t\n\t\t\t\n\n\t<div id=\"text-4180554511\" class=\"text\">\n\t\t\n\n<h1><span style=\"font-size: 55%;\">SECTORES<\/span><\/h1>\n\n\t\t\n<style>\n#text-4180554511 {\n  font-size: 0.75rem;\n  color: rgb(0,0,0);\n}\n#text-4180554511 > * {\n  color: rgb(0,0,0);\n}\n<\/style>\n\t<\/div>\n\t\n\n\n<style>\nh2 {\n  background: linear-gradient(90deg, #c8920a 0%, #eebd2c 50%, #f7d96b 100%);\n  -webkit-background-clip: text;\n  -webkit-text-fill-color: transparent;\n  background-clip: text;\n  font-size: 2.8rem;\n  font-weight:500;\n}\n<\/style>\n\n<h2>Experiencia en entornos exigentes<\/h2>\n\n\n\t\t<\/div>\n\t\t\t\t\t<\/div>\n\n\t\n\n<\/div>\n<div class=\"row\"  id=\"row-1757981853\">\n\n\n\t<div id=\"col-1155396565\" class=\"col medium-8 small-12 large-8\"  >\n\t\t\t\t<div class=\"col-inner\"  >\n\t\t\t\n\t\t\t\n\n\t<div id=\"text-1933366448\" class=\"text\">\n\t\t\n\n<p>Trabajamos para multinacionales cumpliendo con est\u00e1ndares altos de resultados, documentaci\u00f3n y plazos de entrega.<\/p>\n\n\t\t\n<style>\n#text-1933366448 {\n  font-size: 1.2rem;\n  color: rgb(84, 84, 84);\n}\n#text-1933366448 > * {\n  color: rgb(84, 84, 84);\n}\n<\/style>\n\t<\/div>\n\t\n\n\t\t<\/div>\n\t\t\t\t\n<style>\n#col-1155396565 > .col-inner {\n  margin: -25px 0px 0px 0px;\n}\n<\/style>\n\t<\/div>\n\n\t\n\n<\/div>\n\t<div id=\"gap-591142993\" class=\"gap-element clearfix\" style=\"display:block; height:auto;\">\n\t\t\n<style>\n#gap-591142993 {\n  padding-top: 50px;\n}\n<\/style>\n\t<\/div>\n\t\n\n<div class=\"row align-equal\"  id=\"row-1276611391\">\n\n\n\t<div id=\"col-1788564319\" class=\"col medium-6 small-12 large-6\"  >\n\t\t\t\t<div class=\"col-inner\" style=\"background-color:rgb(250, 250, 250);\" >\n\t\t\t\n\t<div class=\"is-border\"\n\t\tstyle=\"border-color:rgb(187, 187, 187);border-radius:10px;border-width:1px 1px 1px 1px;\">\n\t<\/div>\n\t\t\t\n\n\t<div id=\"text-88303396\" class=\"text\">\n\t\t\n\n<h3>Elevaci\u00f3n<\/h3>\n\n\t\t\n<style>\n#text-88303396 {\n  font-size: 0.75rem;\n}\n<\/style>\n\t<\/div>\n\t\n<p>Trabajamos para multinacionales cumpliendo con est\u00e1ndares altos de resultados, documentaci\u00f3n y plazos de entrega.<\/p>\n\n\t<div id=\"gap-1242565070\" class=\"gap-element clearfix\" style=\"display:block; height:auto;\">\n\t\t\n<style>\n#gap-1242565070 {\n  padding-top: 20px;\n}\n<\/style>\n\t<\/div>\n\t\n\n\t<div class=\"img has-hover x md-x lg-x y md-y lg-y\" id=\"image_972563997\">\n\t\t\t\t\t\t\t\t<div class=\"img-inner image-zoom image-cover dark\" style=\"padding-top:50%;\">\n\t\t\t<img loading=\"lazy\" decoding=\"async\" width=\"922\" height=\"612\" src=\"https:\/\/bihurtek.com\/wp-content\/uploads\/DISENO-WEBS-1-1-e1777915766774.png\" class=\"attachment-original size-original\" alt=\"\" srcset=\"https:\/\/bihurtek.com\/wp-content\/uploads\/DISENO-WEBS-1-1-e1777915766774.png 922w, https:\/\/bihurtek.com\/wp-content\/uploads\/DISENO-WEBS-1-1-e1777915766774-300x199.png 300w, https:\/\/bihurtek.com\/wp-content\/uploads\/DISENO-WEBS-1-1-e1777915766774-768x510.png 768w\" sizes=\"auto, (max-width: 922px) 100vw, 922px\" title=\"\">\t\t\t\t\t\t\n\t\t\t\t\t<\/div>\n\t\t\t\t\t\t\t\t\n<style>\n#image_972563997 {\n  width: 100%;\n}\n<\/style>\n\t<\/div>\n\t\n\n\t<div id=\"gap-1733179104\" class=\"gap-element clearfix\" style=\"display:block; height:auto;\">\n\t\t\n<style>\n#gap-1733179104 {\n  padding-top: 20px;\n}\n<\/style>\n\t<\/div>\n\t\n\n<a class=\"button primary lowercase\"  style=\"border-radius:10px;\">\n\t\t<span>Conoce el sector<\/span>\n\t<\/a>\n\n\n\n\t\t<\/div>\n\t\t\t\t\n<style>\n#col-1788564319 > .col-inner {\n  padding: 20px 20px 20px 20px;\n  border-radius: 10px;\n}\n<\/style>\n\t<\/div>\n\n\t\n\n\t<div id=\"col-2104371251\" class=\"col medium-6 small-12 large-6\"  >\n\t\t\t\t<div class=\"col-inner\" style=\"background-color:#fafafa;\" >\n\t\t\t\n\t<div class=\"is-border\"\n\t\tstyle=\"border-color:#bbbbbb;border-radius:10px;border-width:1px 1px 1px 1px;\">\n\t<\/div>\n\t\t\t\n\n\t<div id=\"text-964508119\" class=\"text\">\n\t\t\n\n<h3>Ferroviario<\/h3>\n\n\t\t\n<style>\n#text-964508119 {\n  font-size: 0.75rem;\n}\n<\/style>\n\t<\/div>\n\t\n<p>Elementos de interiorismo y elementos soldados bajo certificaci\u00f3n EN 15085.<\/p>\n\n\t<div id=\"gap-466895264\" class=\"gap-element clearfix\" style=\"display:block; height:auto;\">\n\t\t\n<style>\n#gap-466895264 {\n  padding-top: 20px;\n}\n<\/style>\n\t<\/div>\n\t\n\n\t<div class=\"img has-hover x md-x lg-x y md-y lg-y\" id=\"image_20684622\">\n\t\t\t\t\t\t\t\t<div class=\"img-inner image-zoom image-cover dark\" style=\"padding-top:50%;\">\n\t\t\t<img loading=\"lazy\" decoding=\"async\" width=\"1000\" height=\"667\" src=\"https:\/\/bihurtek.com\/wp-content\/uploads\/2148959670.jpg\" class=\"attachment-original size-original\" alt=\"\" srcset=\"https:\/\/bihurtek.com\/wp-content\/uploads\/2148959670.jpg 1000w, https:\/\/bihurtek.com\/wp-content\/uploads\/2148959670-300x200.jpg 300w, https:\/\/bihurtek.com\/wp-content\/uploads\/2148959670-768x512.jpg 768w\" sizes=\"auto, (max-width: 1000px) 100vw, 1000px\" title=\"\">\t\t\t\t\t\t\n\t\t\t\t\t<\/div>\n\t\t\t\t\t\t\t\t\n<style>\n#image_20684622 {\n  width: 100%;\n}\n<\/style>\n\t<\/div>\n\t\n\n\t<div id=\"gap-1451447438\" class=\"gap-element clearfix\" style=\"display:block; height:auto;\">\n\t\t\n<style>\n#gap-1451447438 {\n  padding-top: 20px;\n}\n<\/style>\n\t<\/div>\n\t\n\n<a class=\"button primary lowercase\"  style=\"border-radius:10px;\">\n\t\t<span>Conoce el sector<\/span>\n\t<\/a>\n\n\n\n\t\t<\/div>\n\t\t\t\t\n<style>\n#col-2104371251 > .col-inner {\n  padding: 20px 20px 20px 20px;\n  border-radius: 10px;\n}\n<\/style>\n\t<\/div>\n\n\t\n\n\t<div id=\"col-1627631774\" class=\"col medium-6 small-12 large-6\"  >\n\t\t\t\t<div class=\"col-inner\" style=\"background-color:#fafafa;\" >\n\t\t\t\n\t<div class=\"is-border\"\n\t\tstyle=\"border-color:#bbbbbb;border-radius:10px;border-width:1px 1px 1px 1px;\">\n\t<\/div>\n\t\t\t\n\n\t<div id=\"text-3583252842\" class=\"text\">\n\t\t\n\n<h3>Energ\u00eda<\/h3>\n\n\t\t\n<style>\n#text-3583252842 {\n  font-size: 0.75rem;\n}\n<\/style>\n\t<\/div>\n\t\n<p>Mandos e interruptores de media y alta tensi\u00f3n con alta complejidad de componentes y exigencia de uniformidad funcional.<\/p>\n\n\t<div id=\"gap-1026033475\" class=\"gap-element clearfix\" style=\"display:block; height:auto;\">\n\t\t\n<style>\n#gap-1026033475 {\n  padding-top: 20px;\n}\n<\/style>\n\t<\/div>\n\t\n\n\t<div class=\"img has-hover x md-x lg-x y md-y lg-y\" id=\"image_1803792237\">\n\t\t\t\t\t\t\t\t<div class=\"img-inner image-zoom image-cover dark\" style=\"padding-top:50%;\">\n\t\t\t<img loading=\"lazy\" decoding=\"async\" width=\"1000\" height=\"667\" src=\"https:\/\/bihurtek.com\/wp-content\/uploads\/2149352234.jpg\" class=\"attachment-original size-original\" alt=\"\" srcset=\"https:\/\/bihurtek.com\/wp-content\/uploads\/2149352234.jpg 1000w, https:\/\/bihurtek.com\/wp-content\/uploads\/2149352234-300x200.jpg 300w, https:\/\/bihurtek.com\/wp-content\/uploads\/2149352234-768x512.jpg 768w\" sizes=\"auto, (max-width: 1000px) 100vw, 1000px\" title=\"\">\t\t\t\t\t\t\n\t\t\t\t\t<\/div>\n\t\t\t\t\t\t\t\t\n<style>\n#image_1803792237 {\n  width: 100%;\n}\n<\/style>\n\t<\/div>\n\t\n\n\t<div id=\"gap-167299375\" class=\"gap-element clearfix\" style=\"display:block; height:auto;\">\n\t\t\n<style>\n#gap-167299375 {\n  padding-top: 20px;\n}\n<\/style>\n\t<\/div>\n\t\n\n<a class=\"button primary lowercase\"  style=\"border-radius:10px;\">\n\t\t<span>Conoce el sector<\/span>\n\t<\/a>\n\n\n\n\t\t<\/div>\n\t\t\t\t\n<style>\n#col-1627631774 > .col-inner {\n  padding: 20px 20px 20px 20px;\n  border-radius: 10px;\n}\n<\/style>\n\t<\/div>\n\n\t\n\n\t<div id=\"col-1411117917\" class=\"col medium-6 small-12 large-6\"  >\n\t\t\t\t<div class=\"col-inner\" style=\"background-color:#fafafa;\" >\n\t\t\t\n\t<div class=\"is-border\"\n\t\tstyle=\"border-color:#bbbbbb;border-radius:10px;border-width:1px 1px 1px 1px;\">\n\t<\/div>\n\t\t\t\n\n\t<div id=\"text-629676214\" class=\"text\">\n\t\t\n\n<h3>Construcci\u00f3n<\/h3>\n\n\t\t\n<style>\n#text-629676214 {\n  font-size: 0.75rem;\n}\n<\/style>\n\t<\/div>\n\t\n<p>Puertas acorazadas y paneles, combinando fabricaci\u00f3n e ingenier\u00eda con el cliente.certificaci\u00f3n EN 15085.<\/p>\n\n\t<div id=\"gap-282213917\" class=\"gap-element clearfix\" style=\"display:block; height:auto;\">\n\t\t\n<style>\n#gap-282213917 {\n  padding-top: 20px;\n}\n<\/style>\n\t<\/div>\n\t\n\n\t<div class=\"img has-hover x md-x lg-x y md-y lg-y\" id=\"image_1499537146\">\n\t\t\t\t\t\t\t\t<div class=\"img-inner image-zoom image-cover dark\" style=\"padding-top:50%;\">\n\t\t\t<img loading=\"lazy\" decoding=\"async\" width=\"1000\" height=\"665\" src=\"https:\/\/bihurtek.com\/wp-content\/uploads\/2149445307.jpg\" class=\"attachment-original size-original\" alt=\"\" srcset=\"https:\/\/bihurtek.com\/wp-content\/uploads\/2149445307.jpg 1000w, https:\/\/bihurtek.com\/wp-content\/uploads\/2149445307-300x200.jpg 300w, https:\/\/bihurtek.com\/wp-content\/uploads\/2149445307-768x511.jpg 768w\" sizes=\"auto, (max-width: 1000px) 100vw, 1000px\" title=\"\">\t\t\t\t\t\t\n\t\t\t\t\t<\/div>\n\t\t\t\t\t\t\t\t\n<style>\n#image_1499537146 {\n  width: 100%;\n}\n<\/style>\n\t<\/div>\n\t\n\n\t<div id=\"gap-1423292979\" class=\"gap-element clearfix\" style=\"display:block; height:auto;\">\n\t\t\n<style>\n#gap-1423292979 {\n  padding-top: 20px;\n}\n<\/style>\n\t<\/div>\n\t\n\n<a class=\"button primary lowercase\"  style=\"border-radius:10px;\">\n\t\t<span>Conoce el sector<\/span>\n\t<\/a>\n\n\n\n\t\t<\/div>\n\t\t\t\t\n<style>\n#col-1411117917 > .col-inner {\n  padding: 20px 20px 20px 20px;\n  border-radius: 10px;\n}\n<\/style>\n\t<\/div>\n\n\t\n\n\t<div id=\"col-1111365767\" class=\"col medium-6 small-12 large-6\"  >\n\t\t\t\t<div class=\"col-inner\" style=\"background-color:#fafafa;\" >\n\t\t\t\n\t<div class=\"is-border\"\n\t\tstyle=\"border-color:#bbbbbb;border-radius:10px;border-width:1px 1px 1px 1px;\">\n\t<\/div>\n\t\t\t\n\n\t<div id=\"text-495190064\" class=\"text\">\n\t\t\n\n<h3>Sanitario<\/h3>\n\n\t\t\n<style>\n#text-495190064 {\n  font-size: 0.75rem;\n}\n<\/style>\n\t<\/div>\n\t\n<p>Componentes para entorno hospitalario, con foco en consistencia y control.<\/p>\n\n\t<div id=\"gap-361632017\" class=\"gap-element clearfix\" style=\"display:block; height:auto;\">\n\t\t\n<style>\n#gap-361632017 {\n  padding-top: 20px;\n}\n<\/style>\n\t<\/div>\n\t\n\n\t<div class=\"img has-hover x md-x lg-x y md-y lg-y\" id=\"image_1410634079\">\n\t\t\t\t\t\t\t\t<div class=\"img-inner image-zoom image-cover dark\" style=\"padding-top:50%;\">\n\t\t\t<img loading=\"lazy\" decoding=\"async\" width=\"1000\" height=\"640\" src=\"https:\/\/bihurtek.com\/wp-content\/uploads\/4438.jpg\" class=\"attachment-original size-original\" alt=\"\" srcset=\"https:\/\/bihurtek.com\/wp-content\/uploads\/4438.jpg 1000w, https:\/\/bihurtek.com\/wp-content\/uploads\/4438-300x192.jpg 300w, https:\/\/bihurtek.com\/wp-content\/uploads\/4438-768x492.jpg 768w\" sizes=\"auto, (max-width: 1000px) 100vw, 1000px\" title=\"\">\t\t\t\t\t\t\n\t\t\t\t\t<\/div>\n\t\t\t\t\t\t\t\t\n<style>\n#image_1410634079 {\n  width: 100%;\n}\n<\/style>\n\t<\/div>\n\t\n\n\t<div id=\"gap-1923152204\" class=\"gap-element clearfix\" style=\"display:block; height:auto;\">\n\t\t\n<style>\n#gap-1923152204 {\n  padding-top: 20px;\n}\n<\/style>\n\t<\/div>\n\t\n\n<a class=\"button primary lowercase\"  style=\"border-radius:10px;\">\n\t\t<span>Conoce el sector<\/span>\n\t<\/a>\n\n\n\n\t\t<\/div>\n\t\t\t\t\n<style>\n#col-1111365767 > .col-inner {\n  padding: 20px 20px 20px 20px;\n  border-radius: 10px;\n}\n<\/style>\n\t<\/div>\n\n\t\n\n\t<div id=\"col-1270774855\" class=\"col medium-6 small-12 large-6\"  >\n\t\t\t\t<div class=\"col-inner\"  >\n\t\t\t\n\t\t\t\n\n\n\t\t<\/div>\n\t\t\t\t\t<\/div>\n\n\t\n\n<\/div>\n\t<div id=\"gap-508472661\" class=\"gap-element clearfix\" style=\"display:block; height:auto;\">\n\t\t\n<style>\n#gap-508472661 {\n  padding-top: 150px;\n}\n<\/style>\n\t<\/div>\n\t\n\n\n\t\t<\/div>\n\n\t\t\n<style>\n#section_860244741 {\n  padding-top: 0px;\n  padding-bottom: 0px;\n  background-color: rgb(255,255,255);\n}\n<\/style>\n\t<\/section>\n\t\n\n\t<section class=\"section\" id=\"section_1781992439\">\n\t\t<div class=\"section-bg fill\" >\n\t\t\t\t\t\t\t\t\t\n\t\t\t\n\n\t\t<\/div>\n\n\t\t\n\n\t\t<div class=\"section-content relative\">\n\t\t\t\n\n<div class=\"row\"  id=\"row-843071393\">\n\n\n\t<div id=\"col-1467696329\" class=\"col small-12 large-12\"  >\n\t\t\t\t<div class=\"col-inner text-center\"  >\n\t\t\t\n\t\t\t\n\n\n\n<!DOCTYPE html>\n<html lang=\"es\">\n<head>\n  <meta charset=\"UTF-8\" \/>\n  <meta name=\"viewport\" content=\"width=device-width, initial-scale=1.0\" \/>\n  <title>Conf\u00eda en nosotros<\/title>\n\n  <style>\n    \/* SOLO aumenta tama\u00f1o, no toca tu tipograf\u00eda *\/\n    .ayu-confia h3 {\n      font-size: 2.5rem; \/* ajusta aqu\u00ed *\/\n    }\n\n    .ayu-confia .degradado {\n      background: linear-gradient(90deg, #c8920a 0%, #eebd2c 50%, #f7d96b 100%);\n      -webkit-background-clip: text;\n      -webkit-text-fill-color: transparent;\n      background-clip: text;\n      color: transparent;\n    }\n\n    .ayu-confia .nosotros {\n      color: #000000;\n    }\n  <\/style>\n<\/head>\n<body>\n\n<div class=\"ayu-confia\">\n  <h3>\n    <span class=\"degradado\">Conf\u00edan<\/span>  <span class=\"nosotros\"> en nosotros<\/span>\n  <\/h3>\n<\/div>\n\n<\/body>\n<\/html>\n\n\n\t\t<\/div>\n\t\t\t\t\n<style>\n#col-1467696329 > .col-inner {\n  margin: 0px 0px -60px 0px;\n}\n<\/style>\n\t<\/div>\n\n\t\n\n<\/div>\n\n\nv<!DOCTYPE html>\n<html lang=\"es\">\n<head>\n  <meta charset=\"UTF-8\" \/>\n  <meta name=\"viewport\" content=\"width=device-width, initial-scale=1.0\" \/>\n  <title>Slider de logos infinito<\/title>\n\n  <style>\n    \/* Slider aislado *\/\n    .ayu-logo-slider {\n      width: 100%;\n      overflow: hidden;\n      position: relative;\n      padding: 30px 0;\n      background: transparent;\n    }\n\n    .ayu-logo-slider-track {\n      display: flex;\n      width: max-content;\n      animation: ayu-logo-scroll 24s linear infinite;\n    }\n\n    .ayu-logo-slider:hover .ayu-logo-slider-track {\n      animation-play-state: paused;\n    }\n\n    .ayu-logo-item {\n      flex: 0 0 auto;\n      margin: 0 40px;\n      display: flex;\n      align-items: center;\n      justify-content: center;\n    }\n\n    .ayu-logo-item img {\n      max-height: 60px;\n      width: auto;\n      height: auto;\n      object-fit: contain;\n      display: block;\n      opacity: 0.8;\n      transition: opacity 0.2s ease;\n    }\n\n    .ayu-logo-item img:hover {\n      opacity: 1;\n    }\n\n    @keyframes ayu-logo-scroll {\n      from {\n        transform: translateX(0);\n      }\n      to {\n        transform: translateX(-50%);\n      }\n    }\n  <\/style>\n<\/head>\n<body>\n\n  <div class=\"ayu-logo-slider\">\n    <div class=\"ayu-logo-slider-track\">\n\n      <!-- Primera serie: cambia cada src por la URL de tu logo real -->\n      <div class=\"ayu-logo-item\">\n        <img decoding=\"async\" src=\"https:\/\/dummyimage.com\/220x80\/ffffff\/111111&#038;text=ALPHA+BUILD\" alt=\"Alpha Build\" title=\"\">\n      <\/div>\n\n      <div class=\"ayu-logo-item\">\n        <img decoding=\"async\" src=\"https:\/\/dummyimage.com\/220x80\/ffffff\/111111&#038;text=NOVA+GROUP\" alt=\"Nova Group\" title=\"\">\n      <\/div>\n\n      <div class=\"ayu-logo-item\">\n        <img decoding=\"async\" src=\"https:\/\/dummyimage.com\/220x80\/ffffff\/111111&#038;text=URBANTEC\" alt=\"Urbantec\" title=\"\">\n      <\/div>\n\n      <div class=\"ayu-logo-item\">\n        <img decoding=\"async\" src=\"https:\/\/dummyimage.com\/220x80\/ffffff\/111111&#038;text=METRA+LAB\" alt=\"Metra Lab\" title=\"\">\n      <\/div>\n\n      <div class=\"ayu-logo-item\">\n        <img decoding=\"async\" src=\"https:\/\/dummyimage.com\/220x80\/ffffff\/111111&#038;text=AXIS+360\" alt=\"Axis 360\" title=\"\">\n      <\/div>\n\n      <div class=\"ayu-logo-item\">\n        <img decoding=\"async\" src=\"https:\/\/dummyimage.com\/220x80\/ffffff\/111111&#038;text=SOLID+WORKS\" alt=\"Solid Works\" title=\"\">\n      <\/div>\n\n      <div class=\"ayu-logo-item\">\n        <img decoding=\"async\" src=\"https:\/\/dummyimage.com\/220x80\/ffffff\/111111&#038;text=ORION+DEV\" alt=\"Orion Dev\" title=\"\">\n      <\/div>\n\n      <div class=\"ayu-logo-item\">\n        <img decoding=\"async\" src=\"https:\/\/dummyimage.com\/220x80\/ffffff\/111111&#038;text=HABITAT+ONE\" alt=\"Habitat One\" title=\"\">\n      <\/div>\n\n      <!-- Segunda serie duplicada para que el loop sea continuo -->\n      <div class=\"ayu-logo-item\">\n        <img decoding=\"async\" src=\"https:\/\/dummyimage.com\/220x80\/ffffff\/111111&#038;text=ALPHA+BUILD\" alt=\"Alpha Build\" title=\"\">\n      <\/div>\n\n      <div class=\"ayu-logo-item\">\n        <img decoding=\"async\" src=\"https:\/\/dummyimage.com\/220x80\/ffffff\/111111&#038;text=NOVA+GROUP\" alt=\"Nova Group\" title=\"\">\n      <\/div>\n\n      <div class=\"ayu-logo-item\">\n        <img decoding=\"async\" src=\"https:\/\/dummyimage.com\/220x80\/ffffff\/111111&#038;text=URBANTEC\" alt=\"Urbantec\" title=\"\">\n      <\/div>\n\n      <div class=\"ayu-logo-item\">\n        <img decoding=\"async\" src=\"https:\/\/dummyimage.com\/220x80\/ffffff\/111111&#038;text=METRA+LAB\" alt=\"Metra Lab\" title=\"\">\n      <\/div>\n\n      <div class=\"ayu-logo-item\">\n        <img decoding=\"async\" src=\"https:\/\/dummyimage.com\/220x80\/ffffff\/111111&#038;text=AXIS+360\" alt=\"Axis 360\" title=\"\">\n      <\/div>\n\n      <div class=\"ayu-logo-item\">\n        <img decoding=\"async\" src=\"https:\/\/dummyimage.com\/220x80\/ffffff\/111111&#038;text=SOLID+WORKS\" alt=\"Solid Works\" title=\"\">\n      <\/div>\n\n      <div class=\"ayu-logo-item\">\n        <img decoding=\"async\" src=\"https:\/\/dummyimage.com\/220x80\/ffffff\/111111&#038;text=ORION+DEV\" alt=\"Orion Dev\" title=\"\">\n      <\/div>\n\n      <div class=\"ayu-logo-item\">\n        <img decoding=\"async\" src=\"https:\/\/dummyimage.com\/220x80\/ffffff\/111111&#038;text=HABITAT+ONE\" alt=\"Habitat One\" title=\"\">\n      <\/div>\n\n    <\/div>\n  <\/div>\n\n<\/body>\n<\/html>\n\n\t<div id=\"gap-155941015\" class=\"gap-element clearfix\" style=\"display:block; height:auto;\">\n\t\t\n<style>\n#gap-155941015 {\n  padding-top: 80px;\n}\n<\/style>\n\t<\/div>\n\t\n\n\n\t\t<\/div>\n\n\t\t\n<style>\n#section_1781992439 {\n  padding-top: 0px;\n  padding-bottom: 0px;\n}\n<\/style>\n\t<\/section>\n\t\n\n","protected":false},"excerpt":{"rendered":"","protected":false},"author":1,"featured_media":0,"parent":0,"menu_order":0,"comment_status":"closed","ping_status":"closed","template":"page-blank.php","meta":{"footnotes":""},"class_list":["post-181","page","type-page","status-publish","hentry"],"_links":{"self":[{"href":"https:\/\/bihurtek.com\/index.php?rest_route=\/wp\/v2\/pages\/181","targetHints":{"allow":["GET"]}}],"collection":[{"href":"https:\/\/bihurtek.com\/index.php?rest_route=\/wp\/v2\/pages"}],"about":[{"href":"https:\/\/bihurtek.com\/index.php?rest_route=\/wp\/v2\/types\/page"}],"author":[{"embeddable":true,"href":"https:\/\/bihurtek.com\/index.php?rest_route=\/wp\/v2\/users\/1"}],"replies":[{"embeddable":true,"href":"https:\/\/bihurtek.com\/index.php?rest_route=%2Fwp%2Fv2%2Fcomments&post=181"}],"version-history":[{"count":33,"href":"https:\/\/bihurtek.com\/index.php?rest_route=\/wp\/v2\/pages\/181\/revisions"}],"predecessor-version":[{"id":219,"href":"https:\/\/bihurtek.com\/index.php?rest_route=\/wp\/v2\/pages\/181\/revisions\/219"}],"wp:attachment":[{"href":"https:\/\/bihurtek.com\/index.php?rest_route=%2Fwp%2Fv2%2Fmedia&parent=181"}],"curies":[{"name":"wp","href":"https:\/\/api.w.org\/{rel}","templated":true}]}}